{"id":17,"date":"2017-12-03T16:18:32","date_gmt":"2017-12-03T15:18:32","guid":{"rendered":"http:\/\/denkx.net\/?page_id=17"},"modified":"2017-12-06T11:19:36","modified_gmt":"2017-12-06T10:19:36","slug":"ueber-denk-x","status":"publish","type":"page","link":"https:\/\/denkx.net\/?page_id=17","title":{"rendered":"Begeisterung f\u00fcr Betriebs- &#038; Betreiber- &#038; RechtsSicherheit"},"content":{"rendered":"<p><strong>Christian Wimmer<\/strong> (als Gesch\u00e4ftsinhaber der cwi solutions) hat langj\u00e4hrige Erfahrung als Gesch\u00e4ftsf\u00fchrer im \u201eFacility-\/Geb\u00e4udemanagement &amp; Services, Elektrotechnik und Sicherheit\u201c und ist begeisterter Optimierer f\u00fcr L\u00f6sungen bei<br \/>\nBetriebsSicherheit + BetreiberSicherheit + RechtsSicherheit<\/p>\n<p>F\u00fcr seine Kunden verbindet die cwi solutions L\u00f6sungen in den Bereichen<br \/>\n<strong>TECHNIK | SICHERHEIT | SERVICE<\/strong><\/p>\n","protected":false},"excerpt":{"rendered":"<p>Christian Wimmer (als Gesch\u00e4ftsinhaber der cwi solutions) hat langj\u00e4hrige Erfahrung als Gesch\u00e4ftsf\u00fchrer im \u201eFacility-\/Geb\u00e4udemanagement &amp; Services, Elektrotechnik und Sicherheit\u201c und ist begeisterter Optimierer f\u00fcr L\u00f6sungen bei BetriebsSicherheit + BetreiberSicherheit + RechtsSicherheit F\u00fcr seine Kunden verbindet die cwi solutions L\u00f6sungen in<\/p>\n","protected":false},"author":2,"featured_media":0,"parent":0,"menu_order":0,"comment_status":"closed","ping_status":"closed","template":"","meta":{"footnotes":""},"class_list":["post-17","page","type-page","status-publish","hentry"],"_links":{"self":[{"href":"https:\/\/denkx.net\/index.php?rest_route=\/wp\/v2\/pages\/17","targetHints":{"allow":["GET"]}}],"collection":[{"href":"https:\/\/denkx.net\/index.php?rest_route=\/wp\/v2\/pages"}],"about":[{"href":"https:\/\/denkx.net\/index.php?rest_route=\/wp\/v2\/types\/page"}],"author":[{"embeddable":true,"href":"https:\/\/denkx.net\/index.php?rest_route=\/wp\/v2\/users\/2"}],"replies":[{"embeddable":true,"href":"https:\/\/denkx.net\/index.php?rest_route=%2Fwp%2Fv2%2Fcomments&post=17"}],"version-history":[{"count":6,"href":"https:\/\/denkx.net\/index.php?rest_route=\/wp\/v2\/pages\/17\/revisions"}],"predecessor-version":[{"id":217,"href":"https:\/\/denkx.net\/index.php?rest_route=\/wp\/v2\/pages\/17\/revisions\/217"}],"wp:attachment":[{"href":"https:\/\/denkx.net\/index.php?rest_route=%2Fwp%2Fv2%2Fmedia&parent=17"}],"curies":[{"name":"wp","href":"https:\/\/api.w.org\/{rel}","templated":true}]}}